{"id":920,"date":"2021-03-24T13:12:36","date_gmt":"2021-03-24T12:12:36","guid":{"rendered":"https:\/\/ceskylvov.cz\/?page_id=920"},"modified":"2021-03-24T18:45:05","modified_gmt":"2021-03-24T17:45:05","slug":"frantisek-staff","status":"publish","type":"page","link":"https:\/\/ceskylvov.cz\/?page_id=920","title":{"rendered":"Franti\u0161ek Staff"},"content":{"rendered":"\n<h4 class=\"wp-block-heading\"><em>V\u00fdrobce cukrovinek a jeho p\u0159\u00edsp\u011bvek polsk\u00e9 literatu\u0159e<\/em><\/h4>\n\n\n\n<div class=\"wp-block-image\"><figure class=\"alignright is-resized\"><img loading=\"lazy\" decoding=\"async\" src=\"https:\/\/photos.geni.com\/p13\/1c\/78\/4d\/f2\/5344484e6a8c3943\/szczerbinski3_large.jpg\" alt=\"\" width=\"325\" height=\"246\"\/><figcaption>Franti\u0161ek Staff s rodinou<\/figcaption><\/figure><\/div>\n\n\n\n<p><strong>Franti\u0161ek Cyril Staff<\/strong> (Franciszek Staff) \u2013 22.04. 1845 \u2013 03.03. 1902, majitel vyhl\u00e1\u0161en\u00e9 lvovsk\u00e9 cukr\u00e1rny, aktivn\u00ed \u010dlen, t\u00e9\u017e p\u0159edseda <strong><a href=\"https:\/\/ceskylvov.cz\/?page_id=151\">\u010cesk\u00e9 besedy<\/a><\/strong><a href=\"https:\/\/ceskylvov.cz\/?page_id=151\"><strong> <\/strong><\/a>(1886).<\/p>\n\n\n\n<div class=\"wp-block-image\"><figure class=\"alignleft size-large is-resized\"><img loading=\"lazy\" decoding=\"async\" src=\"https:\/\/ceskylvov.cz\/wp-content\/uploads\/2021\/03\/\u0437\u043e\u0431\u0440\u0430\u0436\u0435\u043d\u043d\u044f-10.png\" alt=\"\" class=\"wp-image-935\" width=\"228\" height=\"283\"\/><\/figure><\/div>\n\n\n\n<p>Po\u010d\u00e1tkem\u00a070. let 19. stol. se ve Lvov\u011b usadil \u010desk\u00fd cukr\u00e1\u0159 Staff, kter\u00fd se z\u00e1hy stal sou\u010d\u00e1st\u00ed krajansk\u00e9ho spolku a t\u00e9\u017e majitelem prosperuj\u00edc\u00ed cukr\u00e1rny a v\u00fdrobny pern\u00edk\u016f (od r. 1874). Prodejna s\u00eddlila nedaleko lvovsk\u00e9ho Rynku na dne\u0161n\u00ed ul. Lesii Ukrainky \u010d. 11. D\u00edky oblib\u011b jeho produkce se dopracoval k\u00a0jist\u00e9mu majetku, nebo\u0165 z\u00a0dostupn\u00fdch pramen\u016f lze potvrdit, \u017ee v r. 1896 prodal nemovitost na ul. K. Levynskoho \u010d. 25. Kvalita cukrovinek Staffovy <em>Fabryky cukr\u00f3w i piernik\u00f3w<\/em> byla ve\u0159ejn\u011b ocen\u011bna v\u00a0pr\u016fb\u011bhu <strong><a href=\"https:\/\/ceskylvov.cz\/?page_id=142\">V\u0161eobecn\u00e9 zemsk\u00e9 v\u00fdstavy 1894<\/a><\/strong> st\u0159\u00edbrnou medail\u00ed. Staff byl \u010dlenem v\u00fdboru m\u00edstn\u00edho Spolku cukr\u00e1\u0159\u016f a pernik\u00e1\u0159\u016f (1892) i p\u0159\u00edsed\u00edc\u00edm soudu (1889). Po cukr\u00e1\u0159ov\u011b smrti byla prodejna p\u0159em\u00edst\u011bna do sousedn\u00ed ul. Arm\u00e9nsk\u00e9 a po skonu jeho man\u017eelky prod\u00e1na polsk\u00e9mu obchodn\u00edkovi.<\/p>\n\n\n\n<div class=\"wp-block-image\"><figure class=\"aligncenter size-large is-resized\"><img loading=\"lazy\" decoding=\"async\" src=\"https:\/\/ceskylvov.cz\/wp-content\/uploads\/2021\/03\/\u0437\u043e\u0431\u0440\u0430\u0436\u0435\u043d\u043d\u044f-11.png\" alt=\"\" class=\"wp-image-938\" width=\"441\" height=\"81\" srcset=\"https:\/\/ceskylvov.cz\/wp-content\/uploads\/2021\/03\/\u0437\u043e\u0431\u0440\u0430\u0436\u0435\u043d\u043d\u044f-11.png 325w, https:\/\/ceskylvov.cz\/wp-content\/uploads\/2021\/03\/\u0437\u043e\u0431\u0440\u0430\u0436\u0435\u043d\u043d\u044f-11-300x55.png 300w\" sizes=\"(max-width: 441px) 100vw, 441px\" \/><figcaption>Kurier Lwowski, 9.9.1890 \u2013 seznam d\u00e1rc\u016f prost\u0159edk\u016f ob\u011btem povodn\u00ed v Praze<\/figcaption><\/figure><\/div>\n\n\n\n<div class=\"wp-block-image\"><figure class=\"alignleft size-large is-resized\"><img loading=\"lazy\" decoding=\"async\" src=\"https:\/\/ceskylvov.cz\/wp-content\/uploads\/2021\/03\/\u0437\u043e\u0431\u0440\u0430\u0436\u0435\u043d\u043d\u044f-5.png\" alt=\"\" class=\"wp-image-924\" width=\"320\" height=\"186\" srcset=\"https:\/\/ceskylvov.cz\/wp-content\/uploads\/2021\/03\/\u0437\u043e\u0431\u0440\u0430\u0436\u0435\u043d\u043d\u044f-5.png 467w, https:\/\/ceskylvov.cz\/wp-content\/uploads\/2021\/03\/\u0437\u043e\u0431\u0440\u0430\u0436\u0435\u043d\u043d\u044f-5-300x175.png 300w\" sizes=\"(max-width: 320px) 100vw, 320px\" \/><\/figure><\/div>\n\n\n\n<div class=\"wp-block-image\"><figure class=\"alignright size-large is-resized\"><img loading=\"lazy\" decoding=\"async\" src=\"https:\/\/ceskylvov.cz\/wp-content\/uploads\/2021\/03\/\u0437\u043e\u0431\u0440\u0430\u0436\u0435\u043d\u043d\u044f-9.png\" alt=\"\" class=\"wp-image-932\" width=\"216\" height=\"372\"\/><figcaption>Hrob Franti\u0161ka Staffa na Ly\u010dakivsk\u00e9m h\u0159bitov\u011b ve Lvov\u011b<\/figcaption><\/figure><\/div>\n\n\n\n<p>&nbsp;Ze sm\u00ed\u0161en\u00e9ho \u010desko \u2013 n\u011bmeck\u00e9ho man\u017eelstv\u00ed s&nbsp;Leopoldynou Fuhrherr se jim, krom\u011b dal\u0161\u00edch \u0161esti d\u011bt\u00ed, narodil slavn\u00fd polsk\u00fd b\u00e1sn\u00edk evropsk\u00e9 moderny <a href=\"https:\/\/cs.wikipedia.org\/wiki\/Leopold_Staff\">Leopold<\/a> (\u010dlen \u010cB 1907-08), kter\u00fd byl opakovan\u011b nominov\u00e1n na Nobelovu cenu. V&nbsp;rodinn\u00e9m hrob\u011b na Ly\u010dakivsk\u00e9m h\u0159bitov\u011b je spolu s&nbsp;rodi\u010di pochov\u00e1n i jeho mlad\u0161\u00ed sourozenec <a href=\"https:\/\/pl.wikipedia.org\/wiki\/Ludwik_Maria_Staff\">Karel (Ludwik Mariia)<\/a>, b\u00e1sn\u00edk a prozaik. Dal\u0161\u00ed z&nbsp;potomk\u016f Staffa, <a href=\"https:\/\/pl.wikipedia.org\/wiki\/Franciszek_Staff\">Franti\u0161ek Hieron\u00fdm <\/a>je pro zm\u011bnu pova\u017eov\u00e1n za zakladatele polsk\u00e9 ichtyologie.<\/p>\n\n\n\n<p>Hrob Franti\u0161ka Staffa je dodnes k vid\u011bn\u00ed na m\u00edstn\u00edm h\u0159bitov\u011b, av\u0161ak stav n\u00e1hrobku vy\u017eaduje bezodkladnou rekonstrukci.<\/p>\n\n\n\n<figure class=\"wp-block-image size-large\"><img loading=\"lazy\" decoding=\"async\" width=\"1024\" height=\"109\" src=\"https:\/\/ceskylvov.cz\/wp-content\/uploads\/2021\/03\/\u0437\u043e\u0431\u0440\u0430\u0436\u0435\u043d\u043d\u044f-8-1024x109.png\" alt=\"\" class=\"wp-image-928\" srcset=\"https:\/\/ceskylvov.cz\/wp-content\/uploads\/2021\/03\/\u0437\u043e\u0431\u0440\u0430\u0436\u0435\u043d\u043d\u044f-8-1024x109.png 1024w, https:\/\/ceskylvov.cz\/wp-content\/uploads\/2021\/03\/\u0437\u043e\u0431\u0440\u0430\u0436\u0435\u043d\u043d\u044f-8-300x32.png 300w, https:\/\/ceskylvov.cz\/wp-content\/uploads\/2021\/03\/\u0437\u043e\u0431\u0440\u0430\u0436\u0435\u043d\u043d\u044f-8-768x82.png 768w, https:\/\/ceskylvov.cz\/wp-content\/uploads\/2021\/03\/\u0437\u043e\u0431\u0440\u0430\u0436\u0435\u043d\u043d\u044f-8.png 1057w\" sizes=\"(max-width: 1024px) 100vw, 1024px\" \/><figcaption>Zpr\u00e1vy o \u00famrti  (Kurier Lwowski a Gazeta Lwowska ze dne 5.3.1902)<\/figcaption><\/figure>\n\n\n\n<p><em>Zdroje:<\/em> <a rel=\"noreferrer noopener\" href=\"https:\/\/jbc.bj.uj.edu.pl\/dlibra\" target=\"_blank\"><em>https:\/\/jbc.bj.uj.edu.pl\/dlibra<\/em><\/a><em> , <\/em><a href=\"https:\/\/www.szukajwarchiwach.gov.pl\"><em>https:\/\/www.szukajwarchiwach.gov.pl<\/em><\/a><em>, Ev\u017een Topinka \u2013 Archiv spolku \u010cesk\u00e1 beseda ve Lvov\u011b (1867-1936) \u2013 ISBN 978-966-7022-65-5 \u2013 vydalo Centrum Evropy 2007, <\/em><a rel=\"noreferrer noopener\" href=\"https:\/\/www.lvivcenter.org\/uk\/\" target=\"_blank\"><em>https:\/\/www.lvivcenter.org\/uk\/<\/em><\/a><em>,<\/em> <em>Sto let \u010desk\u00e9ho \u017eivota ve Lvov\u011b, II. d\u00edl, autor Ludv\u00edk Feigl, vyd. r. 1925 n\u00e1kladem \u010cesk\u00e9 besedy v Lvov\u011b<\/em>, <em><a href=\"https:\/\/uk.wikipedia.org\/wiki\/\">https:\/\/uk.wikipedia.org\/wiki\/<\/a>, <a href=\"https:\/\/anno.onb.ac.at\/\">https:\/\/anno.onb.ac.at\/<\/a><\/em>, <em><a href=\"https:\/\/www.geni.com\/people\/Franciszek-Franti%C5%A1ek-Staff\/6000000022231195302\">https:\/\/www.geni.com\/people\/Franciszek-Franti%C5%A1ek-Staff\/6000000022231195302<\/a><\/em><\/p>\n\n\n\n<h4 class=\"wp-block-heading\">\u00a9 2021 Petr Zenker<\/h4>\n","protected":false},"excerpt":{"rendered":"<p>V\u00fdrobce cukrovinek a jeho p\u0159\u00edsp\u011bvek polsk\u00e9 literatu\u0159e Franti\u0161ek Cyril Staff (Franciszek Staff) \u2013 22.04. 1845 \u2013 03.03. 1902, majitel vyhl\u00e1\u0161en\u00e9 lvovsk\u00e9 cukr\u00e1rny, aktivn\u00ed \u010dlen, t\u00e9\u017e&hellip;<\/p>\n","protected":false},"author":1,"featured_media":942,"parent":0,"menu_order":0,"comment_status":"closed","ping_status":"closed","template":"","meta":{"footnotes":""},"class_list":["post-920","page","type-page","status-publish","has-post-thumbnail","hentry"],"_links":{"self":[{"href":"https:\/\/ceskylvov.cz\/index.php?rest_route=\/wp\/v2\/pages\/920"}],"collection":[{"href":"https:\/\/ceskylvov.cz\/index.php?rest_route=\/wp\/v2\/pages"}],"about":[{"href":"https:\/\/ceskylvov.cz\/index.php?rest_route=\/wp\/v2\/types\/page"}],"author":[{"embeddable":true,"href":"https:\/\/ceskylvov.cz\/index.php?rest_route=\/wp\/v2\/users\/1"}],"replies":[{"embeddable":true,"href":"https:\/\/ceskylvov.cz\/index.php?rest_route=%2Fwp%2Fv2%2Fcomments&post=920"}],"version-history":[{"count":15,"href":"https:\/\/ceskylvov.cz\/index.php?rest_route=\/wp\/v2\/pages\/920\/revisions"}],"predecessor-version":[{"id":950,"href":"https:\/\/ceskylvov.cz\/index.php?rest_route=\/wp\/v2\/pages\/920\/revisions\/950"}],"wp:featuredmedia":[{"embeddable":true,"href":"https:\/\/ceskylvov.cz\/index.php?rest_route=\/wp\/v2\/media\/942"}],"wp:attachment":[{"href":"https:\/\/ceskylvov.cz\/index.php?rest_route=%2Fwp%2Fv2%2Fmedia&parent=920"}],"curies":[{"name":"wp","href":"https:\/\/api.w.org\/{rel}","templated":true}]}}