{"id":672,"date":"2021-02-01T11:15:38","date_gmt":"2021-02-01T10:15:38","guid":{"rendered":"https:\/\/ceskylvov.cz\/?page_id=672"},"modified":"2023-11-16T12:25:02","modified_gmt":"2023-11-16T11:25:02","slug":"ten-ktery-zalozil-ceskou-besedu","status":"publish","type":"page","link":"https:\/\/ceskylvov.cz\/?page_id=672","title":{"rendered":"Tom\u00e1\u0161 Chocholou\u0161ek"},"content":{"rendered":"\n<h4 class=\"wp-block-heading\"><em>Z<em>akladatel a prvn\u00ed p\u0159edseda \u010cesk\u00e9 besedy,<\/em><\/em> <em>\u0159editel \u00fastavu hluchon\u011bm\u00fdch, bratr zn\u00e1m\u00e9ho spisovatele<\/em><\/h4>\n\n\n\n<div class=\"wp-block-image\"><figure class=\"alignright size-large is-resized\"><img loading=\"lazy\" decoding=\"async\" src=\"https:\/\/ceskylvov.cz\/wp-content\/uploads\/2023\/11\/Chocholousek-Tomas-prvni-predseda-CB-Lvov-10.2.1867zv.gif\" alt=\"\" class=\"wp-image-995\" width=\"174\" height=\"240\"\/><\/figure><\/div>\n\n\n\n<p><strong>Tom\u00e1\u0161 Chocholou\u0161ek<\/strong> (Tomasz Chocholouszek) \u2013 nar. 1826 Sedlec u T\u00e1bora \u2013 zem\u0159. 29.3. 1900 ve Lvov\u011b \u2013 pedagog, hudebn\u00edk a zakladatel <strong><a href=\"https:\/\/ceskylvov.cz\/?page_id=151\">\u010cesk\u00e9 besedy<\/a><\/strong> ve Lvov\u011b. Absolvent Pra\u017esk\u00e9 konzervato\u0159e (varhany, zp\u011bv a skladba) z\u00edskal odborn\u00e9 znalosti i v t\u011blesn\u00e9 p\u0159\u00edprav\u011b a pomologii. Revolu\u010dn\u00ed ud\u00e1losti roku 1848 donutily jeho rodinu opustit \u010cechy. V n\u00e1sleduj\u00edc\u00edch letech se proto postupn\u011b odst\u011bhovali na rodinnou usedlost Bystrzyce u Ropczyc (Podkarpat\u00ed). Na jej\u00ed koupi v\u00fdrazn\u011b p\u0159isp\u011bla matka Kate\u0159ina (roz. Pelichov\u00e1), kter\u00e1 na statku a\u017e do sv\u00e9 smrti hospoda\u0159ila. Zde se tak\u00e9 v roce 1857 Tom\u00e1\u0161 Chocholou\u0161ek o\u017eenil.<\/p>\n\n\n\n<div class=\"wp-block-image\"><figure class=\"alignleft size-large is-resized\"><img loading=\"lazy\" decoding=\"async\" src=\"https:\/\/ceskylvov.cz\/wp-content\/uploads\/2021\/02\/image.png\" alt=\"\" class=\"wp-image-673\" width=\"366\" height=\"140\" srcset=\"https:\/\/ceskylvov.cz\/wp-content\/uploads\/2021\/02\/image.png 335w, https:\/\/ceskylvov.cz\/wp-content\/uploads\/2021\/02\/image-300x115.png 300w\" sizes=\"(max-width: 366px) 100vw, 366px\" \/><figcaption>Z\u00e1bavn\u00e1 p\u0159\u00edloha Plze\u0148sk\u00fdch list\u016f, \u010d. 18 z r. 1899<\/figcaption><\/figure><\/div>\n\n\n\n<p>Rok p\u0159ed t\u00edm v\u0161ak p\u0159ijal nab\u00eddku moravsk\u00e9ho rod\u00e1ka, lvovsk\u00e9ho duchovn\u00edho a spolupracovn\u00edka spr\u00e1vn\u00ed rady m\u00edstn\u00edho \u00dastavu pro hluchon\u011bm\u00e9 (zal. 4.10. 1830), Ond\u0159eje Ostravsk\u00e9ho (Andrzej Ostrowski). Zde je nutn\u00e9 p\u0159ipomenout i jm\u00e9no tehdej\u0161\u00edho lvovsk\u00e9ho arcibiskupa, <a href=\"https:\/\/cs.wikipedia.org\/wiki\/Franti%C5%A1ek_Pi%C5%A1t%C4%9Bk\">Franti\u0161ka Pi\u0161t\u011bka<\/a>. Prvn\u00edm \u0159editelem t\u00e9to vzd\u011bl\u00e1vac\u00ed instituce se stal <a href=\"https:\/\/pl.wikipedia.org\/wiki\/Jan_Nepomucen_Hoffmann\">Jan Hoffmann<\/a>, rod\u00e1k z&nbsp;moravsk\u00e9ho Kel\u010de, teolog a pr\u00e1vn\u00edk, \u010destn\u00fd ob\u010dan m\u011bsta Lvova. Asi n\u00e1s p\u0159\u00edli\u0161 nep\u0159ekvap\u00ed, \u017ee i prvn\u00edm u\u010ditelem v tomto \u00fastavu byl n\u00e1\u0161 krajan, absolvent pra\u017esk\u00e9ho Institutu pro hluchon\u011bm\u00e9, Dominik Vychytil (Wichitil). V\u00fduka tehdy, k&nbsp;nelibosti v\u011bt\u0161iny rodi\u010d\u016f, prob\u00edhala jen v&nbsp;n\u011bmeck\u00e9m jazyku. Teprve n\u011bkolik let po jeho odchodu do penze v&nbsp;r. 1848 byla zah\u00e1jena v\u00fduka v&nbsp;pol\u0161tin\u011b (od r. 1856). V&nbsp;tomto roce p\u0159ich\u00e1z\u00ed do \u0161koly Chocholou\u0161ek, nad\u0161en\u00fd u\u010ditel nesly\u0161\u00edc\u00edch chlapc\u016f, propag\u00e1tor hudby a vlastenectv\u00ed. V&nbsp;tomto sice nedosahuje takov\u00e9ho v\u011bhlasu jako jeho star\u0161\u00ed bratr, novin\u00e1\u0159, spisovatel i redak\u010dn\u00ed kolega Jana Nerudy, <a href=\"https:\/\/cs.wikipedia.org\/wiki\/Prokop_Chocholou%C5%A1ek\">Prokop<\/a>, av\u0161ak vytrvalost\u00ed a obrovsk\u00fdm \u00fasil\u00edm se mu v&nbsp;r. 1867 poda\u0159ilo zformovat z\u00e1klady dodnes funk\u010dn\u00edho krajansk\u00e9ho spolku<strong>. <\/strong>Od po\u010d\u00e1tku byl jeho p\u0159edsedou a kl\u00ed\u010dov\u00fdm organiz\u00e1torem spole\u010dn\u00fdch aktivit. Chocholou\u0161ek t\u00edm potvrdil svou roli zap\u00e1len\u00e9ho, srde\u010dn\u00e9ho a kultivovan\u00e9ho v\u016fdce \u010desk\u00e9ho \u017eivlu, kter\u00fd do m\u011bsta proudil ji\u017e od konce 18. stolet\u00ed. Nen\u00ed tedy velk\u00fdm p\u0159ekvapen\u00edm, \u017ee t\u0159et\u00ed z bratr\u016f, \u017eelezni\u010dn\u00ed in\u017een\u00fdr Emanuel Chocholou\u0161ek je pro zm\u011bnu pova\u017eov\u00e1n za jednu z&nbsp;d\u016fle\u017eit\u00fdch postav vzniku <a href=\"https:\/\/provenio.net\/records\/da483c22-af06-4e3e-9a64-2b5b0581e8ba\">Matice slovinsk\u00e9 v&nbsp;Mariboru<\/a>. Pro\u010d se v\u0161ak jm\u00e9no zakladatele krajansk\u00e9ho spolku, ji\u017e od dubna 1886, v&nbsp;jeho seznamu neobjevuje, dosud nev\u00edme.<\/p>\n\n\n\n<figure class=\"wp-block-image size-large is-resized\"><img loading=\"lazy\" decoding=\"async\" src=\"https:\/\/ceskylvov.cz\/wp-content\/uploads\/2021\/02\/image-1.png\" alt=\"\" class=\"wp-image-674\" width=\"579\" height=\"136\" srcset=\"https:\/\/ceskylvov.cz\/wp-content\/uploads\/2021\/02\/image-1.png 441w, https:\/\/ceskylvov.cz\/wp-content\/uploads\/2021\/02\/image-1-300x71.png 300w\" sizes=\"(max-width: 579px) 100vw, 579px\" \/><figcaption><a href=\"https:\/\/jbc.bj.uj.edu.pl\/dlibra\/metadatasearch?action=AdvancedSearchAction&amp;type=-3&amp;val1=Title:%22Kurenda+Szkolna+za+Miesi%C4%85c+Sierpie%C5%84+1867%2C+%E2%84%96+8%22\">Kurenda Szkolna za Miesi\u0105c Sierpie\u0144 1867, \u2116 8<\/a><\/figcaption><\/figure>\n\n\n\n<div class=\"wp-block-image\"><figure class=\"alignright is-resized\"><img loading=\"lazy\" decoding=\"async\" src=\"https:\/\/uma.lvivcenter.org\/storage\/collectiveaccess\/images\/2\/9\/62735_ca_object_representations_media_2916_large.jpg\" alt=\"\u0428\u043a\u043e\u043b\u0430 \u0433\u043b\u0443\u0445\u043e\u043d\u0456\u043c\u0438\u0445 | \u041c\u0456\u0441\u044c\u043a\u0438\u0439 \u043c\u0435\u0434\u0456\u0430\u0430\u0440\u0445\u0456\u0432\" width=\"418\" height=\"331\"\/><\/figure><\/div>\n\n\n\n<p>V r. 1864, po osmi letech od sv\u00e9ho p\u0159\u00edchodu, se Tom\u00e1\u0161 Chocholou\u0161ek stal \u0159editelem \u0161koly pro hluchon\u011bm\u00e9, kter\u00e1 od r. 1840 s\u00eddlila ve vlastn\u00ed budov\u011b na ul. Ly\u010dakivsk\u00e9 \u010d. 35. Pozd\u011bji zde p\u016fsobila tak\u00e9 jeho dcera Bo\u017eena Wilkosz, provdan\u00e1 za radu zemsk\u00e9ho soudu. Chocholou\u0161kovy pedagogick\u00e9 aktivity p\u0159inesly Hali\u010di nov\u00e1torskou metodiku vzd\u011bl\u00e1v\u00e1n\u00ed hluchon\u011bm\u00fdch d\u011bt\u00ed, v\u010detn\u011b v\u00fduky hudby a k&nbsp;tomu speci\u00e1ln\u00ed u\u010debnice (<em>Obraz a slovo<\/em>) i pom\u016fcky. Byl pravideln\u00fdm a aktivn\u00edm \u00fa\u010dastn\u00edkem setk\u00e1n\u00ed odborn\u00edk\u016f na vzd\u011bl\u00e1v\u00e1n\u00ed a pr\u00e1vem proto pat\u0159\u00ed do historie polsk\u00e9 speci\u00e1ln\u00ed pedagogiky. Jeho v\u0161estrann\u00fd z\u00e1jem jej p\u0159ivedl i do lvovsk\u00e9ho Okra\u0161lovac\u00edho a hudebn\u00edho spolku. N\u011bkter\u00e9 zdroje uv\u00e1d\u011bj\u00ed, \u017ee Chocholou\u0161ek byl tak\u00e9 autorem zahradn\u00ed \u00fapravy pozemku \u0161koly. Tom\u00e1\u0161 Chocholou\u0161ek, nejv\u00fdrazn\u011bj\u0161\u00ed osobnost na\u0161ich krajan\u016f \u017eij\u00edc\u00edch v&nbsp;<strong><a href=\"https:\/\/ceskylvov.cz\/?page_id=115\">Hali\u010di <\/a><\/strong>ve 2. pol. 19. stol. byl po sv\u00e9 smrti ulo\u017een do rodinn\u00e9ho hrobu na Ly\u010dakivsk\u00e9m h\u0159bitov\u011b. V&nbsp;roce 2014 byl tento hrob, d\u00edky \u010dlen\u016fm m\u00edstn\u00ed \u010cesk\u00e9 besedy a podpo\u0159e Ministerstva zahrani\u010dn\u00edch v\u011bc\u00ed \u010cR, renovov\u00e1n.<\/p>\n\n\n\n<div style=\"height:33px\" aria-hidden=\"true\" class=\"wp-block-spacer\"><\/div>\n\n\n\n<figure class=\"wp-block-gallery columns-2 is-cropped wp-block-gallery-1 is-layout-flex wp-block-gallery-is-layout-flex\"><ul class=\"blocks-gallery-grid\"><li class=\"blocks-gallery-item\"><figure><img loading=\"lazy\" decoding=\"async\" width=\"535\" height=\"454\" src=\"https:\/\/ceskylvov.cz\/wp-content\/uploads\/2021\/02\/image-3.png\" alt=\"\" data-id=\"676\" data-full-url=\"https:\/\/ceskylvov.cz\/wp-content\/uploads\/2021\/02\/image-3.png\" data-link=\"https:\/\/ceskylvov.cz\/?attachment_id=676\" class=\"wp-image-676\" srcset=\"https:\/\/ceskylvov.cz\/wp-content\/uploads\/2021\/02\/image-3.png 535w, https:\/\/ceskylvov.cz\/wp-content\/uploads\/2021\/02\/image-3-300x255.png 300w\" sizes=\"(max-width: 535px) 100vw, 535px\" \/><\/figure><\/li><li class=\"blocks-gallery-item\"><figure><img loading=\"lazy\" decoding=\"async\" width=\"527\" height=\"442\" src=\"https:\/\/ceskylvov.cz\/wp-content\/uploads\/2021\/02\/image-4.png\" alt=\"\" data-id=\"677\" data-full-url=\"https:\/\/ceskylvov.cz\/wp-content\/uploads\/2021\/02\/image-4.png\" data-link=\"https:\/\/ceskylvov.cz\/?attachment_id=677\" class=\"wp-image-677\" srcset=\"https:\/\/ceskylvov.cz\/wp-content\/uploads\/2021\/02\/image-4.png 527w, https:\/\/ceskylvov.cz\/wp-content\/uploads\/2021\/02\/image-4-300x252.png 300w\" sizes=\"(max-width: 527px) 100vw, 527px\" \/><\/figure><\/li><\/ul><\/figure>\n\n\n\n<figure class=\"wp-block-image size-large is-resized\"><img loading=\"lazy\" decoding=\"async\" src=\"https:\/\/ceskylvov.cz\/wp-content\/uploads\/2021\/02\/image-2.png\" alt=\"\" class=\"wp-image-675\" width=\"508\" height=\"92\" srcset=\"https:\/\/ceskylvov.cz\/wp-content\/uploads\/2021\/02\/image-2.png 373w, https:\/\/ceskylvov.cz\/wp-content\/uploads\/2021\/02\/image-2-300x55.png 300w\" sizes=\"(max-width: 508px) 100vw, 508px\" \/><figcaption>S\u0142owo Polskie (rann\u00ed vyd\u00e1n\u00ed), nr&nbsp;154 ze dne 2.4. 1900<\/figcaption><\/figure>\n\n\n\n<p><em>Zdroje: Sto let \u010desk\u00e9ho \u017eivota ve Lvov\u011b, II. d\u00edl, autor Ludv\u00edk Feigl, vyd. r. 1925 n\u00e1kladem \u010cesk\u00e9 besedy v Lvov\u011b, <a href=\"https:\/\/ptnzs.org.pl\/audiofonologia\/AUDIOFONOLOGIA_TOM_XXI_2002\/art17.pdf\">https:\/\/ptnzs.org.pl\/audiofonologia\/AUDIOFONOLOGIA_TOM_XXI_2002\/art17.pdf<\/a><br><a href=\"https:\/\/rebus.us.edu.pl\/bitstream\/20.500.12128\/17005\/1\/Balukiewicz_O_opiece_nad_dzieckiem_gluchoniemym.pdf\">https:\/\/rebus.us.edu.pl\/bitstream\/20.500.12128\/17005\/1\/Balukiewicz_O_opiece_nad_dzieckiem_gluchoniemym.pdf<\/a><br><a href=\"https:\/\/polona.pl\/item\/poczatki-zakladu-gluchoniemych-we-lwowie-wspomnienie-w-dwusetna-rocznice-urodzin-ojca,NzE1MTQ4NTk\/28\/#info:metadata\">https:\/\/polona.pl\/item\/poczatki-zakladu-gluchoniemych-we-lwowie-wspomnienie-w-dwusetna-rocznice-urodzin-ojca,NzE1MTQ4NTk\/28\/#info:metadata<\/a><br><a href=\"https:\/\/kramerius5.nkp.cz\/\">https:\/\/kramerius5.nkp.cz\/<\/a><\/em><\/p>\n\n\n\n<h4 class=\"wp-block-heading\">\u00a9 2021 Petr Zenker<\/h4>\n","protected":false},"excerpt":{"rendered":"<p>Zakladatel a prvn\u00ed p\u0159edseda \u010cesk\u00e9 besedy, \u0159editel \u00fastavu hluchon\u011bm\u00fdch, bratr zn\u00e1m\u00e9ho spisovatele Tom\u00e1\u0161 Chocholou\u0161ek (Tomasz Chocholouszek) \u2013 nar. 1826 Sedlec u T\u00e1bora \u2013 zem\u0159. 29.3.&hellip;<\/p>\n","protected":false},"author":1,"featured_media":1003,"parent":0,"menu_order":0,"comment_status":"closed","ping_status":"closed","template":"","meta":{"footnotes":""},"class_list":["post-672","page","type-page","status-publish","has-post-thumbnail","hentry"],"_links":{"self":[{"href":"https:\/\/ceskylvov.cz\/index.php?rest_route=\/wp\/v2\/pages\/672"}],"collection":[{"href":"https:\/\/ceskylvov.cz\/index.php?rest_route=\/wp\/v2\/pages"}],"about":[{"href":"https:\/\/ceskylvov.cz\/index.php?rest_route=\/wp\/v2\/types\/page"}],"author":[{"embeddable":true,"href":"https:\/\/ceskylvov.cz\/index.php?rest_route=\/wp\/v2\/users\/1"}],"replies":[{"embeddable":true,"href":"https:\/\/ceskylvov.cz\/index.php?rest_route=%2Fwp%2Fv2%2Fcomments&post=672"}],"version-history":[{"count":10,"href":"https:\/\/ceskylvov.cz\/index.php?rest_route=\/wp\/v2\/pages\/672\/revisions"}],"predecessor-version":[{"id":996,"href":"https:\/\/ceskylvov.cz\/index.php?rest_route=\/wp\/v2\/pages\/672\/revisions\/996"}],"wp:featuredmedia":[{"embeddable":true,"href":"https:\/\/ceskylvov.cz\/index.php?rest_route=\/wp\/v2\/media\/1003"}],"wp:attachment":[{"href":"https:\/\/ceskylvov.cz\/index.php?rest_route=%2Fwp%2Fv2%2Fmedia&parent=672"}],"curies":[{"name":"wp","href":"https:\/\/api.w.org\/{rel}","templated":true}]}}