{"id":6,"date":"2020-05-29T23:57:59","date_gmt":"2020-05-29T21:57:59","guid":{"rendered":"https:\/\/ceskylvov.cz\/?page_id=6"},"modified":"2021-03-10T15:36:41","modified_gmt":"2021-03-10T14:36:41","slug":"home","status":"publish","type":"page","link":"https:\/\/ceskylvov.cz\/","title":{"rendered":"Chyst\u00e1te se do Lvova?"},"content":{"rendered":"<p><meta name=\"google-site-verification\" content=\"7JdwnbXgkHX_bpf0djEBVv-UKZUd9YZgVyAX80GEsMs\"><\/p>\n\n\n<div class=\"wp-block-group alignwide\"><div class=\"wp-block-group__inner-container is-layout-flow wp-block-group-is-layout-flow\">\n<p class=\"has-drop-cap\"><p class=\"has-drop-cap\">V\u00edtejte na str\u00e1nk\u00e1ch s&nbsp;p\u0159\u00edb\u011bhem o t\u00e9m\u011b\u0159 zav\u00e1t\u00e9 stop\u011b na\u0161ich krajan\u016f ve m\u011bst\u011b lv\u016f, m\u011bst\u011b pln\u00e9m dobr\u00e9ho j\u00eddla, p\u016fvabn\u00fdch kav\u00e1ren, historick\u00fdch pam\u00e1tek, bohat\u00e9 kultury a skv\u011bl\u00e9 atmosf\u00e9ry. Ti, kte\u0159\u00ed m\u011bsto <strong><a href=\"https:\/\/ceskylvov.cz\/?page_id=117\">Lvov<\/a><\/strong> ji\u017e nav\u0161t\u00edvili, mohou barvit\u011b vypr\u00e1v\u011bt o jeho zaj\u00edmavostech, kter\u00e9 objevili sami nebo d\u00edky&nbsp;doporu\u010den\u00edm sv\u00fdch zn\u00e1m\u00fdch \u010di vyhled\u00e1n\u00edm na&nbsp;r\u016fzn\u00fdch cestovatelsk\u00fdch serverech. Jsme si v\u0161ak jisti, \u017ee m\u00e1lokter\u00fd z n\u00e1v\u0161t\u011bvn\u00edk\u016f m\u011bsta v\u00ed, \u017ee je m\u00edstem, na jeho\u017e rozvoji a sl\u00e1v\u011b se v\u00fdznamn\u011b podepsali i <strong><a href=\"https:\/\/ceskylvov.cz\/?page_id=151\">\u010ce\u0161i<\/a><\/strong>. Na\u0161\u00edm virtu\u00e1ln\u00edm pr\u016fvodcem se stal rod\u00e1k z <strong><a href=\"https:\/\/ceskylvov.cz\/?page_id=121\">Kolince<\/a><\/strong>, absolvent <strong><a href=\"https:\/\/ceskylvov.cz\/?page_id=129\">brn\u011bnsk\u00e9<\/a><\/strong> techniky, architekt <strong><a href=\"https:\/\/ceskylvov.cz\/?page_id=59\">Karel Boubl\u00edk<\/a><\/strong>, jeho\u017e tvorba je dodnes tou nejhmatateln\u011bj\u0161\u00ed p\u0159ipom\u00ednkou \u010desk\u00e9ho talentu v hlavn\u00edm m\u011bst\u011b kr\u00e1lovstv\u00ed <strong><a href=\"https:\/\/ceskylvov.cz\/?page_id=115\">Hali\u010de<\/a><\/strong> a tak\u00e9 na\u0161\u00ed ned\u00e1vn\u00e9 historie.<\/p>\n\n<script data-ad-client=\"ca-pub-5468470587929134\" async=\"\" src=\"https:\/\/pagead2.googlesyndication.com\/pagead\/js\/adsbygoogle.js\"><\/script><\/p>\n\n\n\n<h3 class=\"wp-block-heading\">Jak se pohodln\u011b dostat do Lvova<\/h3>\n<\/div><\/div>\n\n\n\n<div id=\"widget-holder\"><\/div><script data-affilid=\"ceskylvov123\" data-lang=\"cz\" data-from=\"prague_cz\" data-to=\"lviv_ua\" data-width=\"100%\" data-limit=\"3\" data-apigee-key=\"E4G2RU9tcDgfNbAqLGUzsoPHlMxAz6lG\" src=\"https:\/\/widget.kiwi.com\/scripts\/widget-search-iframe.js\"><\/script>\n\n\n\n<p><\/p>\n","protected":false},"excerpt":{"rendered":"<p>V\u00edtejte na str\u00e1nk\u00e1ch s&nbsp;p\u0159\u00edb\u011bhem o t\u00e9m\u011b\u0159 zav\u00e1t\u00e9 stop\u011b na\u0161ich krajan\u016f ve m\u011bst\u011b lv\u016f, m\u011bst\u011b pln\u00e9m dobr\u00e9ho j\u00eddla, p\u016fvabn\u00fdch kav\u00e1ren, historick\u00fdch pam\u00e1tek, bohat\u00e9 kultury a skv\u011bl\u00e9&hellip;<\/p>\n","protected":false},"author":1,"featured_media":0,"parent":0,"menu_order":0,"comment_status":"closed","ping_status":"closed","template":"","meta":{"footnotes":""},"class_list":["post-6","page","type-page","status-publish","hentry"],"_links":{"self":[{"href":"https:\/\/ceskylvov.cz\/index.php?rest_route=\/wp\/v2\/pages\/6"}],"collection":[{"href":"https:\/\/ceskylvov.cz\/index.php?rest_route=\/wp\/v2\/pages"}],"about":[{"href":"https:\/\/ceskylvov.cz\/index.php?rest_route=\/wp\/v2\/types\/page"}],"author":[{"embeddable":true,"href":"https:\/\/ceskylvov.cz\/index.php?rest_route=\/wp\/v2\/users\/1"}],"replies":[{"embeddable":true,"href":"https:\/\/ceskylvov.cz\/index.php?rest_route=%2Fwp%2Fv2%2Fcomments&post=6"}],"version-history":[{"count":17,"href":"https:\/\/ceskylvov.cz\/index.php?rest_route=\/wp\/v2\/pages\/6\/revisions"}],"predecessor-version":[{"id":858,"href":"https:\/\/ceskylvov.cz\/index.php?rest_route=\/wp\/v2\/pages\/6\/revisions\/858"}],"wp:attachment":[{"href":"https:\/\/ceskylvov.cz\/index.php?rest_route=%2Fwp%2Fv2%2Fmedia&parent=6"}],"curies":[{"name":"wp","href":"https:\/\/api.w.org\/{rel}","templated":true}]}}