{"id":360,"date":"2020-06-16T09:23:47","date_gmt":"2020-06-16T07:23:47","guid":{"rendered":"https:\/\/ceskylvov.cz\/?page_id=360"},"modified":"2020-06-17T13:43:47","modified_gmt":"2020-06-17T11:43:47","slug":"o-nas-2","status":"publish","type":"page","link":"https:\/\/ceskylvov.cz\/?page_id=360","title":{"rendered":"O n\u00e1s"},"content":{"rendered":"\n<p>Jsme t\u00fdm s p\u0159\u00e1telsk\u00fdm vztahem ke Lvovu a jeho okol\u00ed. Spojuje n\u00e1s z\u00e1jem o m\u00edstn\u00ed \u010deskou stopu, minulou i budouc\u00ed. Na\u0161\u00ed snahou je zv\u00fd\u0161it po\u010dty spokojen\u00fdch \u010desk\u00fdch n\u00e1v\u0161t\u011bvn\u00edk\u016f se z\u00e1jmem o pochopen\u00ed kr\u00e1s m\u011bsta, jeho historie i budoucnosti. Jsme t\u00e9\u017e p\u0159ipraveni k podpo\u0159e dobrovoln\u00fdch aktivit \u010desk\u00fdch student\u016f i mezin\u00e1rodn\u00edch projekt\u016f, nejen se zam\u011b\u0159en\u00edm na obnovu pam\u00e1tky na\u0161ich krajan\u016f.<\/p>\n\n\n\n<p>Objevte sv\u00e9 vlastn\u00ed t\u00e9ma! Nab\u00edz\u00edme rady, doporu\u010den\u00ed a asistenci.<\/p>\n\n\n\n<p>Pro informace k obsahu str\u00e1nek, k jejich dopln\u011bn\u00ed \u010di up\u0159esn\u011bn\u00ed nebo ke spole\u010dn\u00fdm projekt\u016fm, anebo pro popt\u00e1vku na pr\u016fzkum trhu, komer\u010dn\u00edho partnerstv\u00ed, zaji\u0161t\u011bn\u00ed obchodn\u00edch sch\u016fzek a event\u016f vypl\u0148te kontaktn\u00ed formul\u00e1\u0159: <\/p>\n\n\n\n<div role=\"form\" class=\"wpcf7\" id=\"wpcf7-f363-o1\" lang=\"cs-CZ\" dir=\"ltr\">\n<div class=\"screen-reader-response\" aria-live=\"polite\"><\/div>\n<form action=\"\/index.php?rest_route=%2Fwp%2Fv2%2Fpages%2F360#wpcf7-f363-o1\" method=\"post\" class=\"wpcf7-form\" novalidate=\"novalidate\">\n<div style=\"display: none;\">\n<input type=\"hidden\" name=\"_wpcf7\" value=\"363\" \/>\n<input type=\"hidden\" name=\"_wpcf7_version\" value=\"5.1.9\" \/>\n<input type=\"hidden\" name=\"_wpcf7_locale\" value=\"cs_CZ\" \/>\n<input type=\"hidden\" name=\"_wpcf7_unit_tag\" value=\"wpcf7-f363-o1\" \/>\n<input type=\"hidden\" name=\"_wpcf7_container_post\" value=\"0\" \/>\n<\/div>\n<p><label> Va\u0161e jm\u00e9no (vy\u017eadov\u00e1no)<br \/>\n    <span class=\"wpcf7-form-control-wrap your-name\"><input type=\"text\" name=\"your-name\" value=\"\" size=\"40\" class=\"wpcf7-form-control wpcf7-text wpcf7-validates-as-required\" aria-required=\"true\" aria-invalid=\"false\" \/><\/span> <\/label><\/p>\n<p><label> V\u00e1\u0161 e-mail (vy\u017eadov\u00e1no)<br \/>\n    <span class=\"wpcf7-form-control-wrap your-email\"><input type=\"email\" name=\"your-email\" value=\"\" size=\"40\" class=\"wpcf7-form-control wpcf7-text wpcf7-email wpcf7-validates-as-required wpcf7-validates-as-email\" aria-required=\"true\" aria-invalid=\"false\" \/><\/span> <\/label><\/p>\n<p><label> P\u0159edm\u011bt<br \/>\n    <span class=\"wpcf7-form-control-wrap your-subject\"><input type=\"text\" name=\"your-subject\" value=\"\" size=\"40\" class=\"wpcf7-form-control wpcf7-text\" aria-invalid=\"false\" \/><\/span> <\/label><\/p>\n<p><label> Va\u0161e zpr\u00e1va<br \/>\n    <span class=\"wpcf7-form-control-wrap your-message\"><textarea name=\"your-message\" cols=\"40\" rows=\"10\" class=\"wpcf7-form-control wpcf7-textarea\" aria-invalid=\"false\"><\/textarea><\/span> <\/label><\/p>\n<p><input type=\"submit\" value=\"Odeslat\" class=\"wpcf7-form-control wpcf7-submit\" \/><\/p>\n<div class=\"wpcf7-response-output wpcf7-display-none\" aria-hidden=\"true\"><\/div><\/form><\/div>\n\n\n\n<p>Za reakce na Va\u0161e zpr\u00e1vy zaslan\u00e9 na kontakty \u010cesk\u00fd Lvov odpov\u00edd\u00e1:<\/p>\n\n\n\n<p>Petr Zenker<br>Vitalii Markovych<\/p>\n","protected":false},"excerpt":{"rendered":"<p>Jsme t\u00fdm s p\u0159\u00e1telsk\u00fdm vztahem ke Lvovu a jeho okol\u00ed. Spojuje n\u00e1s z\u00e1jem o m\u00edstn\u00ed \u010deskou stopu, minulou i budouc\u00ed. Na\u0161\u00ed snahou je zv\u00fd\u0161it po\u010dty&hellip;<\/p>\n","protected":false},"author":1,"featured_media":370,"parent":0,"menu_order":0,"comment_status":"closed","ping_status":"closed","template":"","meta":{"footnotes":""},"class_list":["post-360","page","type-page","status-publish","has-post-thumbnail","hentry"],"_links":{"self":[{"href":"https:\/\/ceskylvov.cz\/index.php?rest_route=\/wp\/v2\/pages\/360"}],"collection":[{"href":"https:\/\/ceskylvov.cz\/index.php?rest_route=\/wp\/v2\/pages"}],"about":[{"href":"https:\/\/ceskylvov.cz\/index.php?rest_route=\/wp\/v2\/types\/page"}],"author":[{"embeddable":true,"href":"https:\/\/ceskylvov.cz\/index.php?rest_route=\/wp\/v2\/users\/1"}],"replies":[{"embeddable":true,"href":"https:\/\/ceskylvov.cz\/index.php?rest_route=%2Fwp%2Fv2%2Fcomments&post=360"}],"version-history":[{"count":7,"href":"https:\/\/ceskylvov.cz\/index.php?rest_route=\/wp\/v2\/pages\/360\/revisions"}],"predecessor-version":[{"id":378,"href":"https:\/\/ceskylvov.cz\/index.php?rest_route=\/wp\/v2\/pages\/360\/revisions\/378"}],"wp:featuredmedia":[{"embeddable":true,"href":"https:\/\/ceskylvov.cz\/index.php?rest_route=\/wp\/v2\/media\/370"}],"wp:attachment":[{"href":"https:\/\/ceskylvov.cz\/index.php?rest_route=%2Fwp%2Fv2%2Fmedia&parent=360"}],"curies":[{"name":"wp","href":"https:\/\/api.w.org\/{rel}","templated":true}]}}