{"id":203,"date":"2020-05-30T19:51:18","date_gmt":"2020-05-30T17:51:18","guid":{"rendered":"https:\/\/ceskylvov.cz\/?page_id=203"},"modified":"2020-08-06T08:35:07","modified_gmt":"2020-08-06T06:35:07","slug":"lvov-pro-ceskeho-turistu","status":"publish","type":"page","link":"https:\/\/ceskylvov.cz\/?page_id=203","title":{"rendered":"Tipy pro turisty"},"content":{"rendered":"\n<blockquote class=\"wp-block-quote is-layout-flow wp-block-quote-is-layout-flow\"><p>Pokud jedete na Ukrajinu, ale potrp\u00edte si na st\u0159edoevropsk\u00e1 m\u011bsta, Lvov je m\u00edstem pro v\u00e1s. M\u011bsto s&nbsp;malebn\u00fdmi uli\u010dkami, n\u00e1m\u011bst\u00edmi a s ru\u0161n\u00fdm no\u010dn\u00edm \u017eivotem pat\u0159il mnoh\u00e1 stalet\u00ed pod polskou i habsburskou nadvl\u00e1du a byl hlavn\u00edm m\u011bstem Hali\u010de. To, \u017ee je Lvov m\u011bstem st\u0159et\u00e1v\u00e1n\u00ed r\u016fzn\u00fdch kultur dokl\u00e1d\u00e1 i fakt, \u017ee zde najdeme jak \u0159\u00edmskokatolickou latinskou katedr\u00e1lu, tak i katedr\u00e1lu arm\u00e9nsk\u00e9 c\u00edrkve, \u0159eckokatolick\u00fd kostel i synagogu. Vy\u0161l\u00e1pn\u011bte na radni\u010dn\u00ed v\u011b\u017e nebo na kopec Vysokyj Zamok, z nich\u017e je kr\u00e1sn\u00fd v\u00fdhled na m\u011bsto.<\/p><cite><a href=\"https:\/\/www.cestujlevne.com\/cestovatele\/5097\">V\u00edtek Jak\u0161i\u010d<\/a><\/cite><\/blockquote>\n\n\n\n<h4 class=\"wp-block-heading\">D\u016fle\u017eit\u00e1 doporu\u010den\u00ed a rady<\/h4>\n\n\n\n<ul class=\"wp-block-list\"><li>dbejte na bezpe\u010dn\u00e9 ulo\u017een\u00ed pen\u011bz, platebn\u00edch karet a doklad\u016f<\/li><li>nesna\u017ete se obelst\u00edt m\u00edstn\u00ed org\u00e1ny dovozem \u010di u\u017e\u00edv\u00e1n\u00edm jak\u00fdchkoliv drog, by\u0165 v minim\u00e1ln\u00edm mno\u017estv\u00ed<\/li><li>v\u00e1\u017en\u00fd incident ohla\u0161te Policii, i za cenu p\u0159\u00edtomnosti tlumo\u010dn\u00edka<\/li><li>respektujte m\u00edstn\u00ed tradice a pravidla sv\u00fdm od\u011bvem i chov\u00e1n\u00edm<\/li><li>pla\u0165te hotov\u011b \u010di kartou, vyb\u00edrejte z bankomatu, v\u017edy s obecn\u00fdmi pravidly bezpe\u010dnosti<\/li><li>nebra\u0148te se diskuzi s m\u00edstn\u00edmi, maj\u00ed n\u00e1s r\u00e1di, jen se nepou\u0161t\u011bjte do citliv\u00fdch politicko-historick\u00fdch t\u00e9mat pod vlivem alkoholu<\/li><li>nevzbuzujte zbyte\u010dnou pozornost hlukem a rozj\u00edvenost\u00ed, i tak budete pou\u017e\u00edv\u00e1n\u00edm \u010de\u0161tiny za\u0159azeni mezi stovky polsk\u00fdch n\u00e1v\u0161t\u011bvn\u00edk\u016f<\/li><li>neexperimentujte v objedn\u00e1vce tvrd\u00e9ho alkoholu, jak\u00e1koliv m\u00edstn\u00ed vodka je skv\u011bl\u00e1, prav\u00e1 a za rozumnou cenu<\/li><li>vyzkou\u0161ejte Pijanu Vishniu, jen ji opravdu nekombinujte s jin\u00fdm alkoholem<\/li><li>m\u016f\u017eete vyu\u017e\u00edt zdarma toaletu v jak\u00e9mkoliv podniku, bude \u010dist\u00e1 a nemus\u00edte b\u00fdt jeho host\u00e9<\/li><li>pokud pou\u017eijete ke komunikaci s m\u00edstn\u00edmi ru\u0161tinu, nen\u00ed rozumn\u00e9 db\u00e1t na spr\u00e1vnou v\u00fdslovnost a origin\u00e1ln\u00ed p\u0159\u00edzvuk<\/li><li>p\u0159ipojen\u00ed k WI-FI je mo\u017en\u00e9 ve v\u011bt\u0161in\u011b restaurac\u00ed a kav\u00e1ren s pou\u017eit\u00edm jejich hesla (ukr. Paro\u013e)<\/li><li>mnoh\u00e9 z restaurac\u00ed maj\u00ed k dispozici el. z\u00e1suvku i na ulici<\/li><\/ul>\n\n\n\n<p>A hlavn\u011b si to u\u017eijte!<\/p>\n\n\n\n<h4 class=\"wp-block-heading\">Vyj\u00e1d\u0159en\u00ed zku\u0161en\u00fdch cestovatel\u016f<\/h4>\n\n\n\n<h4 class=\"wp-block-heading\"><a href=\"https:\/\/www.cestujlevne.com\/cestopisy\/lvov-za-kacku-901\">LVOV za KA\u010cKU<\/a><\/h4>\n\n\n\n<h4 class=\"wp-block-heading\"><a href=\"https:\/\/www.lidovky.cz\/nazory\/penas-v-jame-lvove-aneb-ukrajina-nohata.A150806_181718_ln_nazory_ELE\">PE\u0147\u00c1S: V j\u00e1m\u011b Lvov\u00e9 aneb Ukrajina nohat\u00e1<\/a><\/h4>\n\n\n\n<h4 class=\"wp-block-heading\"><a href=\"https:\/\/potkamesevevlaku.wordpress.com\/2018\/08\/03\/lvov-mesto-ktere-se-musi-zazit\/\">Lvov \u2013 m\u011bsto, kter\u00e9 se mus\u00ed za\u017e\u00edt<\/a><\/h4>\n\n\n\n<h4 class=\"wp-block-heading\"><a href=\"https:\/\/nohynacestach.cz\/lviv\/\">Lviv, ukrajinsk\u00e1 perla, kter\u00e1 stoj\u00ed za n\u00e1v\u0161t\u011bvu &#8211; Nohy na cest\u00e1ch<\/a><\/h4>\n\n\n\n<h4 class=\"wp-block-heading\"><a href=\"https:\/\/kultura21.cz\/cestovani\/18570-lvov-ukrajina-prvni-cast\">Lvov &#8211; m\u011bsto origin\u00e1ln\u00edch kav\u00e1ren<\/a><\/h4>\n\n\n\n<h4 class=\"wp-block-heading\"><a href=\"https:\/\/raiman.cz\/mesto-lvu-kavy-piva-a-jidla-cast-druha\/\">M\u011bsto lv\u016f, k\u00e1vy, piva a j\u00eddla: \u010d\u00e1st druh\u00e1 &#8211; Jana Raiman<\/a><\/h4>\n\n\n\n<h4 class=\"wp-block-heading\"><a href=\"https:\/\/www.travelmag.cz\/lvov-na-ukrajine-jake-pamatky-a-zajimava-mista-navstivit\/\">Lvov na Ukrajin\u011b \u2013 jak\u00e9 pam\u00e1tky a zaj\u00edmav\u00e1 m\u00edsta nav\u0161t\u00edvit?<\/a><\/h4>\n\n\n\n<h4 class=\"wp-block-heading\"><a href=\"https:\/\/www.i60.cz\/clanek\/detail\/17946\/putovani-po-zapadni-ukrajine-lvov\">Putov\u00e1n\u00ed po z\u00e1padn\u00ed Ukrajin\u011b &#8211; Lvov<\/a><\/h4>\n\n\n\n<h4 class=\"wp-block-heading\"><a href=\"https:\/\/spolunacestach.cz\/ukrajina-zeme-ktera-vas-mile-prekvapi\/\">Ukrajina \u2013 zem\u011b, kter\u00e1 V\u00e1s mile p\u0159ekvap\u00ed<\/a><\/h4>\n\n\n\n<figure class=\"wp-block-embed-youtube wp-block-embed is-type-video is-provider-youtube wp-embed-aspect-16-9 wp-has-aspect-ratio\"><div class=\"wp-block-embed__wrapper\">\n<iframe loading=\"lazy\" title=\"Lviv City  \u2013 LvivLand \u2013 Your videopedia about Lviv life, culture and business.\" width=\"525\" height=\"295\" src=\"https:\/\/www.youtube.com\/embed\/lCXyD9Eddnw?feature=oembed\" frameborder=\"0\" allow=\"accelerometer; autoplay; clipboard-write; encrypted-media; gyroscope; picture-in-picture; web-share\" referrerpolicy=\"strict-origin-when-cross-origin\" allowfullscreen><\/iframe>\n<\/div><\/figure>\n\n\n\n<figure class=\"wp-block-embed-youtube wp-block-embed is-type-video is-provider-youtube wp-embed-aspect-16-9 wp-has-aspect-ratio\"><div class=\"wp-block-embed__wrapper\">\n<iframe loading=\"lazy\" title=\"Lviv open to the world\" width=\"525\" height=\"295\" src=\"https:\/\/www.youtube.com\/embed\/5NDXGNY1-xs?feature=oembed\" frameborder=\"0\" allow=\"accelerometer; autoplay; clipboard-write; encrypted-media; gyroscope; picture-in-picture; web-share\" referrerpolicy=\"strict-origin-when-cross-origin\" allowfullscreen><\/iframe>\n<\/div><\/figure>\n\n\n\n<h4 class=\"wp-block-heading\">Ubytov\u00e1n\u00ed ve Lvov\u011b<\/h4>\n\n\n\n<figure class=\"wp-block-image size-large\"><a href=\"https:\/\/www.booking.com\/searchresults.cs.html?city=-1045268\"><img loading=\"lazy\" decoding=\"async\" width=\"1024\" height=\"588\" src=\"https:\/\/ceskylvov.cz\/wp-content\/uploads\/2020\/05\/booking-1024x588.jpg\" alt=\"\" class=\"wp-image-205\" srcset=\"https:\/\/ceskylvov.cz\/wp-content\/uploads\/2020\/05\/booking-1024x588.jpg 1024w, https:\/\/ceskylvov.cz\/wp-content\/uploads\/2020\/05\/booking-300x172.jpg 300w, https:\/\/ceskylvov.cz\/wp-content\/uploads\/2020\/05\/booking-768x441.jpg 768w, https:\/\/ceskylvov.cz\/wp-content\/uploads\/2020\/05\/booking.jpg 1393w\" sizes=\"(max-width: 1024px) 100vw, 1024px\" \/><\/a><\/figure>\n","protected":false},"excerpt":{"rendered":"<p>LIVE LVIV: doporu\u010den\u00ed zku\u0161en\u00fdch cestovatel\u016f<\/p>\n","protected":false},"author":1,"featured_media":204,"parent":0,"menu_order":0,"comment_status":"closed","ping_status":"closed","template":"","meta":{"footnotes":""},"class_list":["post-203","page","type-page","status-publish","has-post-thumbnail","hentry"],"_links":{"self":[{"href":"https:\/\/ceskylvov.cz\/index.php?rest_route=\/wp\/v2\/pages\/203"}],"collection":[{"href":"https:\/\/ceskylvov.cz\/index.php?rest_route=\/wp\/v2\/pages"}],"about":[{"href":"https:\/\/ceskylvov.cz\/index.php?rest_route=\/wp\/v2\/types\/page"}],"author":[{"embeddable":true,"href":"https:\/\/ceskylvov.cz\/index.php?rest_route=\/wp\/v2\/users\/1"}],"replies":[{"embeddable":true,"href":"https:\/\/ceskylvov.cz\/index.php?rest_route=%2Fwp%2Fv2%2Fcomments&post=203"}],"version-history":[{"count":12,"href":"https:\/\/ceskylvov.cz\/index.php?rest_route=\/wp\/v2\/pages\/203\/revisions"}],"predecessor-version":[{"id":600,"href":"https:\/\/ceskylvov.cz\/index.php?rest_route=\/wp\/v2\/pages\/203\/revisions\/600"}],"wp:featuredmedia":[{"embeddable":true,"href":"https:\/\/ceskylvov.cz\/index.php?rest_route=\/wp\/v2\/media\/204"}],"wp:attachment":[{"href":"https:\/\/ceskylvov.cz\/index.php?rest_route=%2Fwp%2Fv2%2Fmedia&parent=203"}],"curies":[{"name":"wp","href":"https:\/\/api.w.org\/{rel}","templated":true}]}}